{"id":96,"date":"2021-02-06T13:32:42","date_gmt":"2021-02-06T12:32:42","guid":{"rendered":"https:\/\/www.isotechnic.de\/contact\/"},"modified":"2024-09-23T10:47:43","modified_gmt":"2024-09-23T08:47:43","slug":"kontakt","status":"publish","type":"page","link":"https:\/\/jwcompany.pl\/pl\/kontakt\/","title":{"rendered":"Kontakt"},"content":{"rendered":"<!--themify_builder_content-->\n<div id=\"themify_builder_content-96\" data-postid=\"96\" class=\"themify_builder_content themify_builder_content-96 themify_builder tf_clear\">\n                    <div  data-lazy=\"1\" class=\"module_row themify_builder_row tb_80x4806 tb_first tf_w\">\n                        <div class=\"row_inner col_align_top tb_col_count_1 tf_box tf_rel\">\n                        <div  data-lazy=\"1\" class=\"module_column tb-column col-full tb_mry7807 first\">\n                    <!-- module text -->\n<div  class=\"module module-text tb_bblf807   \" data-lazy=\"1\">\n        <div  class=\"tb_text_wrap\">\n        <h1>Kontakt<\/h1>\n<p>Nasz zesp\u00f3\u0142 sk\u0142ada si\u0119 z do\u015bwiadczonych profesjonalist\u00f3w, gotowych odpowiedzie\u0107 na wszelkie Pa\u0144stwa pytania oraz dostarczy\u0107 najwy\u017cszej jako\u015bci us\u0142ugi. Je\u015bli maj\u0105 Pa\u0144stwo jakiekolwiek pytania odno\u015bnie naszych produkt\u00f3w lub chc\u0105 nawi\u0105za\u0107 z nami wsp\u00f3\u0142prac\u0119, prosimy o skorzystanie z poni\u017cszych danych kontaktowych. Jeste\u015bmy tutaj, aby pom\u00f3c!<\/p>\n<p><span style=\"font-weight: bold;\">Zapraszamy do kontaktu!<\/span><\/p>    <\/div>\n<\/div>\n<!-- \/module text --><!-- module image -->\n<div  class=\"module module-image tb_ke6i846 image-left   tf_mw\" data-lazy=\"1\">\n        <div class=\"image-wrap tf_rel tf_mw\">\n            <img loading=\"lazy\" decoding=\"async\" src=\"\/wp-content\/uploads\/2024\/06\/jw-company-james-walega.svg\" width=\"200\" height=\"30\" alt=\"zadaszenia tarasowe firma\">    \n        <\/div>\n    <!-- \/image-wrap -->\n    \n        <\/div>\n<!-- \/module image -->        <\/div>\n                        <\/div>\n        <\/div>\n                        <div  data-lazy=\"1\" class=\"module_row themify_builder_row tb_d5nn798 tf_w\">\n                        <div class=\"row_inner col_align_top tb_col_count_1 tf_box tf_rel\">\n                        <div  data-lazy=\"1\" class=\"module_column tb-column col-full tb_s42r799 first\">\n                    <!-- module image -->\n<div  class=\"module module-image tb_gqdb424 image-top   auto_fullwidth tf_mw\" data-lazy=\"1\" data-lax-translate-y=\"(vh*1) 0,(vh*0) -70\" data-lax=\"true\">\n        <div class=\"image-wrap tf_rel tf_mw\">\n            <img loading=\"lazy\" decoding=\"async\" src=\"https:\/\/jwcompany.pl\/wp-content\/uploads\/2024\/07\/jw-company-kontakt-1024x479-1160x500.jpg\" width=\"1160\" height=\"500\" class=\"wp-post-image wp-image-894\" title=\"JW Company kontakt\" alt=\"kontakt jw company\">    \n        <\/div>\n    <!-- \/image-wrap -->\n    \n        <\/div>\n<!-- \/module image -->        <\/div>\n                        <\/div>\n        <\/div>\n                        <div  data-lazy=\"1\" class=\"module_row themify_builder_row tb_1mt8399 tf_w\">\n                        <div class=\"row_inner col_align_top tb_col_count_1 tf_box tf_rel\">\n                        <div  data-lazy=\"1\" class=\"module_column tb-column col-full tb_45jh400 first\">\n                            <div  data-lazy=\"1\" class=\"module_subrow themify_builder_sub_row tf_w ikony col_align_top tb_col_count_3 tb_j9uz401\">\n                <div  data-lazy=\"1\" class=\"module_column sub_column col3-1 tb_jnu9402 first\">\n                    <!-- module icon -->\n<div  class=\"module module-icon tb_ew01440   squared icon_horizontal \" data-lazy=\"1\">\n\t\t\t<div class=\"module-icon-item\">\n\t\t\t\t\t\t\t\t\t\t\t\t\t\t\t\t<em class=\"tf_box\"\n\t\t\t\t\t\t\t\t\t\t\t\t\t\t\t\t\t><svg  class=\"tf_fa tf-ti-mobile\" aria-hidden=\"true\"><use href=\"#tf-ti-mobile\"><\/use><\/svg><\/em>\n\t\t\t\t\t\t\t\t\t\t\t\t\t\t<\/div>\n\t<\/div>\n<!-- \/module icon -->\n<!-- module text -->\n<div  class=\"module module-text tb_59pr978   \" data-lazy=\"1\">\n        <div  class=\"tb_text_wrap\">\n        <h3>Zadzwo\u0144 do nas<\/h3>\n<p>Tel PL: <a href=\"tel:+48 730 260 002\">+48 730 260 002<\/a><br>Tel DE: <a href=\"tel:+49 179 528 64 75\">+49 179 528 64 75<\/a><\/p>    <\/div>\n<\/div>\n<!-- \/module text -->        <\/div>\n                    <div  data-lazy=\"1\" class=\"module_column sub_column col3-1 tb_9sm3561\">\n                    <!-- module icon -->\n<div  class=\"module module-icon tb_ci01909   squared icon_horizontal \" data-lazy=\"1\">\n\t\t\t<div class=\"module-icon-item\">\n\t\t\t\t\t\t\t\t\t\t\t\t\t\t\t\t<em class=\"tf_boxblack\"\n\t\t\t\t\t\t\t\t\t\t\t\t\t\t\t\t\t><svg  class=\"tf_fa tf-ti-location-pin\" aria-hidden=\"true\"><use href=\"#tf-ti-location-pin\"><\/use><\/svg><\/em>\n\t\t\t\t\t\t\t\t\t\t\t\t\t\t<\/div>\n\t<\/div>\n<!-- \/module icon -->\n<!-- module text -->\n<div  class=\"module module-text tb_1v3c563   \" data-lazy=\"1\">\n        <div  class=\"tb_text_wrap\">\n        <h3>Adres<\/h3>\n<p>\u017benichow 9A<br>Gubin, Polska<\/p>    <\/div>\n<\/div>\n<!-- \/module text -->        <\/div>\n                    <div  data-lazy=\"1\" class=\"module_column sub_column col3-1 tb_hjdx538 last\">\n                    <!-- module icon -->\n<div  class=\"module module-icon tb_fjht795   squared icon_horizontal \" data-lazy=\"1\">\n\t\t\t<div class=\"module-icon-item\">\n\t\t\t\t\t\t\t\t\t\t\t\t\t\t\t\t<em class=\"tf_boxblack\"\n\t\t\t\t\t\t\t\t\t\t\t\t\t\t\t\t\t><svg  class=\"tf_fa tf-ti-email\" aria-hidden=\"true\"><use href=\"#tf-ti-email\"><\/use><\/svg><\/em>\n\t\t\t\t\t\t\t\t\t\t\t\t\t\t<\/div>\n\t<\/div>\n<!-- \/module icon -->\n<!-- module text -->\n<div  class=\"module module-text tb_5pa5539   \" data-lazy=\"1\">\n        <div  class=\"tb_text_wrap\">\n        <h3>Pytania?\u00a0<\/h3>\n<p>Wype\u0142nij <a href=\"#footer\">formularz kontaktowy<\/a> lub napisz email na <a href=\"mailto:hersteller@jwcompany.pl\">hersteller@jwcompany.pl<\/a><\/p>    <\/div>\n<\/div>\n<!-- \/module text -->        <\/div>\n                    <\/div>\n                <\/div>\n                        <\/div>\n        <\/div>\n                        <div  data-lazy=\"1\" class=\"module_row themify_builder_row tb_3ba1391 tf_w\">\n                        <div class=\"row_inner col_align_top tb_col_count_2 tf_box tf_rel\">\n                        <div  data-lazy=\"1\" class=\"module_column tb-column col4-2 tb_un2t391 first\">\n                            <\/div>\n                    <div  data-lazy=\"1\" class=\"module_column tb-column col4-2 tb_t5b4811 last\">\n                    <!-- module buttons -->\n<div  class=\"module module-buttons tb_rehg170 buttons-horizontal solid  large squared buttons-fullwidth\" data-lazy=\"1\">\n        <div class=\"module-buttons-item tf_in_flx\">\n                        <a href=\"\/wp-content\/uploads\/2024\/07\/Beschwerdeformular.pdf\" class=\"ui builder_button tf_in_flx tb_default_color\" download>\n                                                Formularz reklamacyjny PDF                                        <\/a>\n                <\/div>\n            <\/div>\n<!-- \/module buttons -->\n<!-- module buttons -->\n<div  class=\"module module-buttons tb_w2fz32 buttons-horizontal solid  large squared buttons-fullwidth\" data-lazy=\"1\">\n        <div class=\"module-buttons-item tf_in_flx\">\n                        <a href=\"\/formularz-reklamacyjny\/\" class=\"ui builder_button tf_in_flx tb_default_color\" >\n                                                Formularz reklamacyjny ONLINE                                        <\/a>\n                <\/div>\n            <\/div>\n<!-- \/module buttons -->\n        <\/div>\n                        <\/div>\n        <\/div>\n                        <div  data-css_id=\"6cpl33\" data-lazy=\"1\" class=\"module_row themify_builder_row fullwidth tb_6cpl33 tf_w\">\n                        <div class=\"row_inner col_align_top tb_col_count_1 tf_box tf_rel\">\n                        <div  data-lazy=\"1\" class=\"module_column tb-column col-full tb_e7i534 first\">\n                    <!-- module text -->\n<div  class=\"module module-text tb_6xo4853   \" data-lazy=\"1\">\n        <div  class=\"tb_text_wrap\">\n        <h2>Zosta\u0144 partnerem JW Company<\/h2>\n<p>Zapraszamy do wsp\u00f3\u0142pracy jako partner! Do\u0142\u0105cz do naszej firmy. <br>Razem mo\u017cemy stworzy\u0107 niepowtarzalne rozwi\u0105zania, kt\u00f3re spe\u0142ni\u0105 oczekiwania naszych klient\u00f3w i przyczyni\u0105 si\u0119 do wzajemnego sukcesu.<\/p>    <\/div>\n<\/div>\n<!-- \/module text -->        <\/div>\n                        <\/div>\n        <\/div>\n                        <div  data-css_id=\"pf8l278\" data-lax-translate-y=\"(vh*1) 0,(vh*0) -70\" data-lax=\"true\" data-lazy=\"1\" class=\"module_row themify_builder_row fullwidth tb_pf8l278 tf_w\">\n                        <div class=\"row_inner col_align_top tb_col_count_1 tf_box tf_rel\">\n                        <div  data-lazy=\"1\" class=\"module_column tb-column col-full tb_fjcm278 first\">\n                    <!-- module maps pro -->\n<div  id=\"tb_6tfo61\" class=\"module module-maps-pro tb_6tfo61  tf_lazy\" data-zoom=\"13\" data-type=\"ROADMAP\" data-address=\"JW Company, \u017benich\u00f3w 9A 66-620 Gubin Polska\" data-scrollwheel=\"1\" data-draggable=\"enable\" data-disable_map_ui=\"\" data-polyline=\"\" data-geodesic=\"\" data-polylineStroke=\"2\" data-polylineColor=\"\" data-trigger=\"\" data-mapid=\"\" data-style_map=\"subtle-grayscale\" data-legacymarkers=\"\" data-lazy=\"1\">\n\t\n\t\t\t<div class=\"maps-pro-canvas-container\">\n\t\t\t<div class=\"maps-pro-canvas\" style=\"width:100%;height:455px\"><\/div>\n\t\t<\/div>\n\t\t\t\t\t<template>\n\t\t\t\t\t\t\t\t\t<div data-address=\"51.936894,14.7514447\" data-image=\"\">\n\t\t\t\t\t\tJW Company James Wa\u0142\u0119ga, <br>\u017benich\u00f3w 9A <br>66-620 Gubin Polska\t\t\t\t\t<\/div>\n\t\t\t\t\t\t\t<\/template>\n\t\t\t\t\n\t<\/div>\n<!-- \/module maps pro -->        <\/div>\n                        <\/div>\n        <\/div>\n        <\/div>\n<!--\/themify_builder_content-->","protected":false},"excerpt":{"rendered":"<p>Kontakt Nasz zesp\u00f3\u0142 sk\u0142ada si\u0119 z do\u015bwiadczonych profesjonalist\u00f3w, gotowych odpowiedzie\u0107 na wszelkie Pa\u0144stwa pytania oraz dostarczy\u0107 najwy\u017cszej jako\u015bci us\u0142ugi. Je\u015bli maj\u0105 Pa\u0144stwo jakiekolwiek pytania odno\u015bnie naszych produkt\u00f3w lub chc\u0105 nawi\u0105za\u0107 z nami wsp\u00f3\u0142prac\u0119, prosimy o skorzystanie z poni\u017cszych danych kontaktowych. Jeste\u015bmy tutaj, aby pom\u00f3c! Zapraszamy do kontaktu!<\/p>\n","protected":false},"author":6,"featured_media":0,"parent":0,"menu_order":0,"comment_status":"closed","ping_status":"closed","template":"","meta":{"footnotes":""},"class_list":["post-96","page","type-page","status-publish","hentry","has-post-title","has-post-date","has-post-category","has-post-tag","has-post-comment","has-post-author",""],"yoast_head":"<!-- This site is optimized with the Yoast SEO plugin v27.0 - https:\/\/yoast.com\/product\/yoast-seo-wordpress\/ -->\n<title>Kontakt - JW COMPANY<\/title>\n<meta name=\"description\" content=\"Zapraszamy do wsp\u00f3\u0142pracy jako partner! Razem mo\u017cemy stworzy\u0107 niepowtarzalne rozwi\u0105zania, kt\u00f3re spe\u0142ni\u0105 oczekiwania naszych klient\u00f3w i przyczyni\u0105 si\u0119 do wzajemnego sukcesu.\" \/>\n<meta name=\"robots\" content=\"index, follow, max-snippet:-1, max-image-preview:large, max-video-preview:-1\" \/>\n<link rel=\"canonical\" href=\"https:\/\/jwcompany.pl\/pl\/kontakt\/\" \/>\n<meta property=\"og:locale\" content=\"pl_PL\" \/>\n<meta property=\"og:type\" content=\"article\" \/>\n<meta property=\"og:title\" content=\"Kontakt - JW COMPANY\" \/>\n<meta property=\"og:description\" content=\"Zapraszamy do wsp\u00f3\u0142pracy jako partner! Razem mo\u017cemy stworzy\u0107 niepowtarzalne rozwi\u0105zania, kt\u00f3re spe\u0142ni\u0105 oczekiwania naszych klient\u00f3w i przyczyni\u0105 si\u0119 do wzajemnego sukcesu.\" \/>\n<meta property=\"og:url\" content=\"https:\/\/jwcompany.pl\/pl\/kontakt\/\" \/>\n<meta property=\"og:site_name\" content=\"JW COMPANY\" \/>\n<meta property=\"article:publisher\" content=\"https:\/\/www.facebook.com\/profile.php?id=61555765881403\" \/>\n<meta property=\"article:modified_time\" content=\"2024-09-23T08:47:43+00:00\" \/>\n<meta property=\"og:image\" content=\"https:\/\/jwcompany.pl\/wp-content\/uploads\/2024\/07\/jw-company-kontakt-1024x479-1160x500.jpg\" \/>\n<meta name=\"twitter:card\" content=\"summary_large_image\" \/>\n<meta name=\"twitter:label1\" content=\"Szacowany czas czytania\" \/>\n\t<meta name=\"twitter:data1\" content=\"3 minuty\" \/>\n<script type=\"application\/ld+json\" class=\"yoast-schema-graph\">{\"@context\":\"https:\/\/schema.org\",\"@graph\":[{\"@type\":\"WebPage\",\"@id\":\"https:\/\/jwcompany.pl\/pl\/kontakt\/\",\"url\":\"https:\/\/jwcompany.pl\/pl\/kontakt\/\",\"name\":\"Kontakt - JW COMPANY\",\"isPartOf\":{\"@id\":\"https:\/\/jwcompany.pl\/pl\/#website\"},\"primaryImageOfPage\":{\"@id\":\"https:\/\/jwcompany.pl\/pl\/kontakt\/#primaryimage\"},\"image\":{\"@id\":\"https:\/\/jwcompany.pl\/pl\/kontakt\/#primaryimage\"},\"thumbnailUrl\":\"https:\/\/jwcompany.pl\/wp-content\/uploads\/2024\/07\/jw-company-kontakt-1024x479-1160x500.jpg\",\"datePublished\":\"2021-02-06T12:32:42+00:00\",\"dateModified\":\"2024-09-23T08:47:43+00:00\",\"description\":\"Zapraszamy do wsp\u00f3\u0142pracy jako partner! Razem mo\u017cemy stworzy\u0107 niepowtarzalne rozwi\u0105zania, kt\u00f3re spe\u0142ni\u0105 oczekiwania naszych klient\u00f3w i przyczyni\u0105 si\u0119 do wzajemnego sukcesu.\",\"breadcrumb\":{\"@id\":\"https:\/\/jwcompany.pl\/pl\/kontakt\/#breadcrumb\"},\"inLanguage\":\"pl-PL\",\"potentialAction\":[{\"@type\":\"ReadAction\",\"target\":[\"https:\/\/jwcompany.pl\/pl\/kontakt\/\"]}]},{\"@type\":\"ImageObject\",\"inLanguage\":\"pl-PL\",\"@id\":\"https:\/\/jwcompany.pl\/pl\/kontakt\/#primaryimage\",\"url\":\"https:\/\/jwcompany.pl\/wp-content\/uploads\/2024\/07\/jw-company-kontakt-1024x479-1160x500.jpg\",\"contentUrl\":\"https:\/\/jwcompany.pl\/wp-content\/uploads\/2024\/07\/jw-company-kontakt-1024x479-1160x500.jpg\"},{\"@type\":\"BreadcrumbList\",\"@id\":\"https:\/\/jwcompany.pl\/pl\/kontakt\/#breadcrumb\",\"itemListElement\":[{\"@type\":\"ListItem\",\"position\":1,\"name\":\"Strona g\u0142\u00f3wna\",\"item\":\"https:\/\/jwcompany.pl\/pl\/\"},{\"@type\":\"ListItem\",\"position\":2,\"name\":\"Kontakt\"}]},{\"@type\":\"WebSite\",\"@id\":\"https:\/\/jwcompany.pl\/pl\/#website\",\"url\":\"https:\/\/jwcompany.pl\/pl\/\",\"name\":\"JW COMPANY\",\"description\":\"Firma produkuj\u0105ca i montuj\u0105ca zadaszenia tarasowe, carporty, ogrody zimowe, ogrodzenia, systemy LOFT.\",\"publisher\":{\"@id\":\"https:\/\/jwcompany.pl\/pl\/#organization\"},\"potentialAction\":[{\"@type\":\"SearchAction\",\"target\":{\"@type\":\"EntryPoint\",\"urlTemplate\":\"https:\/\/jwcompany.pl\/pl\/?s={search_term_string}\"},\"query-input\":{\"@type\":\"PropertyValueSpecification\",\"valueRequired\":true,\"valueName\":\"search_term_string\"}}],\"inLanguage\":\"pl-PL\"},{\"@type\":\"Organization\",\"@id\":\"https:\/\/jwcompany.pl\/pl\/#organization\",\"name\":\"JW Company James Wa\u0142\u0119ga\",\"alternateName\":\"JW Company\",\"url\":\"https:\/\/jwcompany.pl\/pl\/\",\"logo\":{\"@type\":\"ImageObject\",\"inLanguage\":\"pl-PL\",\"@id\":\"https:\/\/jwcompany.pl\/pl\/#\/schema\/logo\/image\/\",\"url\":\"https:\/\/jwcompany.pl\/wp-content\/uploads\/2024\/06\/jw-company-logo.svg\",\"contentUrl\":\"https:\/\/jwcompany.pl\/wp-content\/uploads\/2024\/06\/jw-company-logo.svg\",\"width\":1,\"height\":1,\"caption\":\"JW Company James Wa\u0142\u0119ga\"},\"image\":{\"@id\":\"https:\/\/jwcompany.pl\/pl\/#\/schema\/logo\/image\/\"},\"sameAs\":[\"https:\/\/www.facebook.com\/profile.php?id=61555765881403\",\"https:\/\/www.instagram.com\/jw_company_james_walega\/\"]}]}<\/script>\n<!-- \/ Yoast SEO plugin. -->","yoast_head_json":{"title":"Kontakt - JW COMPANY","description":"Zapraszamy do wsp\u00f3\u0142pracy jako partner! Razem mo\u017cemy stworzy\u0107 niepowtarzalne rozwi\u0105zania, kt\u00f3re spe\u0142ni\u0105 oczekiwania naszych klient\u00f3w i przyczyni\u0105 si\u0119 do wzajemnego sukcesu.","robots":{"index":"index","follow":"follow","max-snippet":"max-snippet:-1","max-image-preview":"max-image-preview:large","max-video-preview":"max-video-preview:-1"},"canonical":"https:\/\/jwcompany.pl\/pl\/kontakt\/","og_locale":"pl_PL","og_type":"article","og_title":"Kontakt - JW COMPANY","og_description":"Zapraszamy do wsp\u00f3\u0142pracy jako partner! Razem mo\u017cemy stworzy\u0107 niepowtarzalne rozwi\u0105zania, kt\u00f3re spe\u0142ni\u0105 oczekiwania naszych klient\u00f3w i przyczyni\u0105 si\u0119 do wzajemnego sukcesu.","og_url":"https:\/\/jwcompany.pl\/pl\/kontakt\/","og_site_name":"JW COMPANY","article_publisher":"https:\/\/www.facebook.com\/profile.php?id=61555765881403","article_modified_time":"2024-09-23T08:47:43+00:00","og_image":[{"url":"https:\/\/jwcompany.pl\/wp-content\/uploads\/2024\/07\/jw-company-kontakt-1024x479-1160x500.jpg","type":"","width":"","height":""}],"twitter_card":"summary_large_image","twitter_misc":{"Szacowany czas czytania":"3 minuty"},"schema":{"@context":"https:\/\/schema.org","@graph":[{"@type":"WebPage","@id":"https:\/\/jwcompany.pl\/pl\/kontakt\/","url":"https:\/\/jwcompany.pl\/pl\/kontakt\/","name":"Kontakt - JW COMPANY","isPartOf":{"@id":"https:\/\/jwcompany.pl\/pl\/#website"},"primaryImageOfPage":{"@id":"https:\/\/jwcompany.pl\/pl\/kontakt\/#primaryimage"},"image":{"@id":"https:\/\/jwcompany.pl\/pl\/kontakt\/#primaryimage"},"thumbnailUrl":"https:\/\/jwcompany.pl\/wp-content\/uploads\/2024\/07\/jw-company-kontakt-1024x479-1160x500.jpg","datePublished":"2021-02-06T12:32:42+00:00","dateModified":"2024-09-23T08:47:43+00:00","description":"Zapraszamy do wsp\u00f3\u0142pracy jako partner! Razem mo\u017cemy stworzy\u0107 niepowtarzalne rozwi\u0105zania, kt\u00f3re spe\u0142ni\u0105 oczekiwania naszych klient\u00f3w i przyczyni\u0105 si\u0119 do wzajemnego sukcesu.","breadcrumb":{"@id":"https:\/\/jwcompany.pl\/pl\/kontakt\/#breadcrumb"},"inLanguage":"pl-PL","potentialAction":[{"@type":"ReadAction","target":["https:\/\/jwcompany.pl\/pl\/kontakt\/"]}]},{"@type":"ImageObject","inLanguage":"pl-PL","@id":"https:\/\/jwcompany.pl\/pl\/kontakt\/#primaryimage","url":"https:\/\/jwcompany.pl\/wp-content\/uploads\/2024\/07\/jw-company-kontakt-1024x479-1160x500.jpg","contentUrl":"https:\/\/jwcompany.pl\/wp-content\/uploads\/2024\/07\/jw-company-kontakt-1024x479-1160x500.jpg"},{"@type":"BreadcrumbList","@id":"https:\/\/jwcompany.pl\/pl\/kontakt\/#breadcrumb","itemListElement":[{"@type":"ListItem","position":1,"name":"Strona g\u0142\u00f3wna","item":"https:\/\/jwcompany.pl\/pl\/"},{"@type":"ListItem","position":2,"name":"Kontakt"}]},{"@type":"WebSite","@id":"https:\/\/jwcompany.pl\/pl\/#website","url":"https:\/\/jwcompany.pl\/pl\/","name":"JW COMPANY","description":"Firma produkuj\u0105ca i montuj\u0105ca zadaszenia tarasowe, carporty, ogrody zimowe, ogrodzenia, systemy LOFT.","publisher":{"@id":"https:\/\/jwcompany.pl\/pl\/#organization"},"potentialAction":[{"@type":"SearchAction","target":{"@type":"EntryPoint","urlTemplate":"https:\/\/jwcompany.pl\/pl\/?s={search_term_string}"},"query-input":{"@type":"PropertyValueSpecification","valueRequired":true,"valueName":"search_term_string"}}],"inLanguage":"pl-PL"},{"@type":"Organization","@id":"https:\/\/jwcompany.pl\/pl\/#organization","name":"JW Company James Wa\u0142\u0119ga","alternateName":"JW Company","url":"https:\/\/jwcompany.pl\/pl\/","logo":{"@type":"ImageObject","inLanguage":"pl-PL","@id":"https:\/\/jwcompany.pl\/pl\/#\/schema\/logo\/image\/","url":"https:\/\/jwcompany.pl\/wp-content\/uploads\/2024\/06\/jw-company-logo.svg","contentUrl":"https:\/\/jwcompany.pl\/wp-content\/uploads\/2024\/06\/jw-company-logo.svg","width":1,"height":1,"caption":"JW Company James Wa\u0142\u0119ga"},"image":{"@id":"https:\/\/jwcompany.pl\/pl\/#\/schema\/logo\/image\/"},"sameAs":["https:\/\/www.facebook.com\/profile.php?id=61555765881403","https:\/\/www.instagram.com\/jw_company_james_walega\/"]}]}},"builder_content":"<h1>Kontakt<\/h1> <p>Nasz zesp\u00f3\u0142 sk\u0142ada si\u0119 z do\u015bwiadczonych profesjonalist\u00f3w, gotowych odpowiedzie\u0107 na wszelkie Pa\u0144stwa pytania oraz dostarczy\u0107 najwy\u017cszej jako\u015bci us\u0142ugi. Je\u015bli maj\u0105 Pa\u0144stwo jakiekolwiek pytania odno\u015bnie naszych produkt\u00f3w lub chc\u0105 nawi\u0105za\u0107 z nami wsp\u00f3\u0142prac\u0119, prosimy o skorzystanie z poni\u017cszych danych kontaktowych. Jeste\u015bmy tutaj, aby pom\u00f3c!<\/p> <p>Zapraszamy do kontaktu!<\/p>\n<img src=\"\/wp-content\/uploads\/2024\/06\/jw-company-james-walega.svg\" width=\"200\" height=\"30\" alt=\"zadaszenia tarasowe firma\">\n<img src=\"https:\/\/jwcompany.pl\/wp-content\/uploads\/2024\/07\/jw-company-kontakt-1024x479-1160x500.jpg\" width=\"1160\" height=\"500\" title=\"JW Company kontakt\" alt=\"kontakt jw company\">\n<em ><svg aria-hidden=\"true\"><use href=\"#tf-ti-mobile\"><\/use><\/svg><\/em>\n<h3>Zadzwo\u0144 do nas<\/h3> <p>Tel PL: <a href=\"tel:+48 730 260 002\">+48 730 260 002<\/a><br>Tel DE: <a href=\"tel:+49 179 528 64 75\">+49 179 528 64 75<\/a><\/p>\n<em ><svg aria-hidden=\"true\"><use href=\"#tf-ti-location-pin\"><\/use><\/svg><\/em>\n<h3>Adres<\/h3> <p>\u017benichow 9A<br>Gubin, Polska<\/p>\n<em ><svg aria-hidden=\"true\"><use href=\"#tf-ti-email\"><\/use><\/svg><\/em>\n<h3>Pytania?\u00a0<\/h3> <p>Wype\u0142nij <a href=\"#footer\">formularz kontaktowy<\/a> lub napisz email na <a href=\"mailto:hersteller@jwcompany.pl\">hersteller@jwcompany.pl<\/a><\/p>\n<a href=\"\/wp-content\/uploads\/2024\/07\/Beschwerdeformular.pdf\" download> Formularz reklamacyjny PDF <\/a>\n<a href=\"\/formularz-reklamacyjny\/\" > Formularz reklamacyjny ONLINE <\/a>\n<h2>Zosta\u0144 partnerem JW Company<\/h2> <p>Zapraszamy do wsp\u00f3\u0142pracy jako partner! Do\u0142\u0105cz do naszej firmy. <br>Razem mo\u017cemy stworzy\u0107 niepowtarzalne rozwi\u0105zania, kt\u00f3re spe\u0142ni\u0105 oczekiwania naszych klient\u00f3w i przyczyni\u0105 si\u0119 do wzajemnego sukcesu.<\/p>\n<template> JW Company James Wa\u0142\u0119ga, <br>\u017benich\u00f3w 9A <br>66-620 Gubin Polska <\/template>","_links":{"self":[{"href":"https:\/\/jwcompany.pl\/pl\/wp-json\/wp\/v2\/pages\/96","targetHints":{"allow":["GET"]}}],"collection":[{"href":"https:\/\/jwcompany.pl\/pl\/wp-json\/wp\/v2\/pages"}],"about":[{"href":"https:\/\/jwcompany.pl\/pl\/wp-json\/wp\/v2\/types\/page"}],"author":[{"embeddable":true,"href":"https:\/\/jwcompany.pl\/pl\/wp-json\/wp\/v2\/users\/6"}],"replies":[{"embeddable":true,"href":"https:\/\/jwcompany.pl\/pl\/wp-json\/wp\/v2\/comments?post=96"}],"version-history":[{"count":71,"href":"https:\/\/jwcompany.pl\/pl\/wp-json\/wp\/v2\/pages\/96\/revisions"}],"predecessor-version":[{"id":939,"href":"https:\/\/jwcompany.pl\/pl\/wp-json\/wp\/v2\/pages\/96\/revisions\/939"}],"wp:attachment":[{"href":"https:\/\/jwcompany.pl\/pl\/wp-json\/wp\/v2\/media?parent=96"}],"curies":[{"name":"wp","href":"https:\/\/api.w.org\/{rel}","templated":true}]}}